{"id":7207,"date":"2021-02-08T22:00:43","date_gmt":"2021-02-08T22:00:43","guid":{"rendered":"https:\/\/naturalfrank.com\/ayudar\/?page_id=7207"},"modified":"2023-05-12T10:46:13","modified_gmt":"2023-05-12T10:46:13","slug":"informacion-adicional-sobre-las-camisetas-y-nuestros-productos","status":"publish","type":"page","link":"https:\/\/naturalfrank.com\/ayudar\/informacion-adicional-sobre-las-camisetas-y-nuestros-productos\/","title":{"rendered":"Informaci\u00f3n adicional sobre nuestros productos"},"content":{"rendered":"<p><img fetchpriority=\"high\" decoding=\"async\" src=\"https:\/\/naturalfrank.com\/ayudar\/wp-content\/uploads\/Informacion_sobre_las_prendas.jpg\" alt=\"Informaci\u00f3n sobre las prendas\" width=\"849\" height=\"565\" class=\"aligncenter size-full wp-image-7210\" srcset=\"https:\/\/naturalfrank.com\/ayudar\/wp-content\/uploads\/Informacion_sobre_las_prendas.jpg 849w, https:\/\/naturalfrank.com\/ayudar\/wp-content\/uploads\/Informacion_sobre_las_prendas-150x100.jpg 150w, https:\/\/naturalfrank.com\/ayudar\/wp-content\/uploads\/Informacion_sobre_las_prendas-600x399.jpg 600w, https:\/\/naturalfrank.com\/ayudar\/wp-content\/uploads\/Informacion_sobre_las_prendas-300x200.jpg 300w, https:\/\/naturalfrank.com\/ayudar\/wp-content\/uploads\/Informacion_sobre_las_prendas-768x511.jpg 768w\" sizes=\"(max-width: 849px) 100vw, 849px\" \/><\/p>\n<hr \/>\n<h2 style=\"text-align: center;\"><strong>A TENER EN CUENTA<\/strong><\/h2>\n<p style=\"text-align: justify;\"><strong>ATENCI\u00d3N:<\/strong> LAS CAMISETAS, COMO TODA PRENDA DE VESTIR CONFECCIONADA A MANO HA SIDO TRATADA Y MANIPULADA CON PRODUCTOS QU\u00cdMICOS, TINTAS Y EL POLVO T\u00cdPICO DE UNA FABRICA DE INDUMENTARIA. INCLUSO LUEGO, HA SIDO TRANSPORTADA POR VARIAS EMPRESAS DE CORREOS A TRAV\u00c9S DE VARIOS DESTINOS, PA\u00cdSES Y CONTINENTES. AUNQUE LA PRENDA ESTE BIEN PROTEGIDA Y CUIDADA DESDE SU CONFECCI\u00d3N, DEBES TENER A CONSIDERACI\u00d3N LAVAR LA PRENDA ANTES, SIGUIENDO LOS LINEAMIENTOS ABAJO DESCRITOS. OFRECEMOS LOS MEJORES MATERIALES PARA SU MAYOR DURACI\u00d3N Y DISFRUTE EN EL TIEMPO PERO LAS PRENDAS AHORA MISMO SON DE TU EXCLUSIVA RESPONSABILIDAD Y TENDR\u00c1S QUE CUIDAR DE ELLA. ANTE CUALQUIER DUDA O CONSULTA ESTAMOS DISPONIBLES EN EL CORREO HABITUAL. MUCHAS GRACIAS!<\/p>\n<hr \/>\n<p><strong>\u00bfCOMO SE LAVA Y PLANCHA LA ROPA ESTAMPADA A MANO?<\/strong><\/p>\n<p style=\"text-align: justify;\">Para cuidar mejor la prenda:<\/p>\n<ul>\n<li>Darle la vuelta a la camiseta (lo de dentro para afuera) antes de introducirla en la lavadora.<\/li>\n<li>Lavar en agua fr\u00eda o m\u00e1ximo a 30\u00baC.<\/li>\n<li>Planchar siempre con la prenda del rev\u00e9s (lo de dentro para afuera) y con baja temperatura o bien utilizando un un pa\u00f1o entre la plancha y la camiseta para reducir la cantidad de calor directo.<\/li>\n<li><b>NO PLANCHAR SOBRE EL LOGO NI LAS LETRAS!<\/b><\/li>\n<li>No utilices secadora.<\/li>\n<li>Si es posible l\u00e1valas a mano y SIN FROTAR LAS ZONAS ESTAMPADAS.<\/li>\n<li>No utilizar lej\u00eda (Blanqueador). Usad jabones suaves no abrasivos y limitad el uso del suavizante al m\u00ednimo.<\/li>\n<li>Algunos suavizantes pueden influir en el color y cuidado de la camiseta.<\/li>\n<li>No lavar en seco. Los productos de lavado en seco en ning\u00fan caso est\u00e1n indicados para camisetas.<\/li>\n<\/ul>\n<hr \/>\n<p><strong>\u00bfPOR QUE HAY QUE EVITAR EL CALOR Y SE RECOMIENDA DARLE VUELTA A LA ROPA?<\/strong><\/p>\n<p style=\"text-align: justify;\">Todas las t\u00e9cnicas de estampaci\u00f3n (a excepci\u00f3n del bordado), utilizan tintas o vinilos al tejido y los pigmentos se pueden soltar o hacer que pierdan calidad si se utilizan altas temperaturas durante el lavado y\/o planchado.<\/p>\n<p style=\"text-align: justify;\">El hecho de darle la vuelta al introducirlas en la lavadora, es para tambi\u00e9n ayuda a proteger que por las rozaduras y fricci\u00f3n con la lavadora se deteriore.<\/p>\n<hr \/>\n<p><strong>OTROS FACTORES EXTERNOS QUE INFLUYEN EN EL DETERIORO DE LAS PRENDAS<\/strong><\/p>\n<p style=\"text-align: justify;\">Cualquier producto que tenga un uso, tiene un desgaste, por lo que es normal que con el tiempo vaya perdiendo la calidad, no solo del estampado sino tambi\u00e9n de la propia prenda, as\u00ed como sucede con las ruedas de los coches o las bater\u00edas de los m\u00f3viles:<\/p>\n<ul>\n<li><b>Exposici\u00f3n directa al sol:<\/b> El pasar muchas horas al sol se comer\u00e1 el color.<\/li>\n<li><b>El sudor:<\/b> En cada persona es distinto y mientras que en el alg\u00fan caso puede que no se vea apenas afectado, en otros casos puede deteriorar mucho la prenda con pocos usos.<\/li>\n<li><b>Fricci\u00f3n:<\/b> En ocasiones por el trabajo desempe\u00f1ado, si por ejemplo transportamos paquetes apoy\u00e1ndolos en la prenda, constantemente se estar\u00e1 produciendo fricciones provocando un desgaste.<\/li>\n<li><b>Salpicaduras de l\u00edquidos:<\/b> Seg\u00fan el trabajo desempe\u00f1ado, salpicaduras como el aceite caliente (freidoras), qu\u00edmicos, etc, pueden da\u00f1ar gravemente los tejidos y estampaciones.<\/li>\n<\/ul>\n<hr \/>\n<p><strong>ADEM\u00c1S RESPETA LOS CUIDADOS QUE TE INDICAN LOS SIMBOLOS DE LAS ETIQUETAS EN LA ROPA<\/strong><br \/>\n<img decoding=\"async\" data-src=\"https:\/\/naturalfrank.com\/ayudar\/wp-content\/uploads\/Cuidados.png\" alt=\"Cuidados de las prendas\" width=\"697\" height=\"213\" class=\"aligncenter size-full wp-image-7209 lazyload\" data-srcset=\"https:\/\/naturalfrank.com\/ayudar\/wp-content\/uploads\/\/Cuidados.png 697w, https:\/\/naturalfrank.com\/ayudar\/wp-content\/uploads\/\/Cuidados-150x46.png 150w, https:\/\/naturalfrank.com\/ayudar\/wp-content\/uploads\/\/Cuidados-600x183.png 600w, https:\/\/naturalfrank.com\/ayudar\/wp-content\/uploads\/\/Cuidados-300x92.png 300w\" data-sizes=\"(max-width: 697px) 100vw, 697px\" src=\"data:image\/svg+xml;base64,PHN2ZyB3aWR0aD0iMSIgaGVpZ2h0PSIxIiB4bWxucz0iaHR0cDovL3d3dy53My5vcmcvMjAwMC9zdmciPjwvc3ZnPg==\" style=\"--smush-placeholder-width: 697px; --smush-placeholder-aspect-ratio: 697\/213;\" \/><\/p>\n<hr \/>\n<h5 style=\"text-align: center;\"><strong>NO ACEPTE IMITACIONES Y\/O REVENDEDORES. \u00daNICO MEDIO AUTORIZADO!<\/strong><\/h5>\n<hr \/>\n<h6 style=\"text-align: center;\"><strong>TODAS LAS IM\u00c1GENES DE NUESTRA TIENDA SON A TITULO ILUSTRATIVO Y NO DEBEN SER TOMADAS EN CUENTA COMO \u00daNICO ELEMENTO PARA JUZGAR LA CALIDAD, DISE\u00d1O, TAMA\u00d1O O ESTILO DE LA PRENDA.<br \/>\nPARA MAS INFORMACI\u00d3N CONSULTE LA TABLA DE REFERENCIA O ANTE LA DUDA Y PARA MAS INFORMACI\u00d3N CONSULTE LOS<br \/>\n<strong><a href=\"https:\/\/naturalfrank.com\/ayudar\/terminos-y-condiciones\/\" target=\"_blank\" rel=\"noopener\">\u2013 T\u00c9RMINOS Y CONDICIONES GENERALES \u2013<\/a><\/strong><\/strong><\/h6>\n<hr \/>\n<p style=\"text-align: center;\"><span class=\"button alt\"><a style=\"color: white; font-weight: bold;\" title=\"REGRESAR\" href=\"https:\/\/naturalfrank.com\/ayudar\/sale\/\">VOLVER A LA TIENDA!<\/a><\/span><\/p>\n<hr \/>\n","protected":false},"excerpt":{"rendered":"<p>A TENER EN CUENTA ATENCI\u00d3N: LAS CAMISETAS, COMO TODA PRENDA DE VESTIR CONFECCIONADA A MANO HA SIDO TRATADA Y MANIPULADA CON PRODUCTOS QU\u00cdMICOS, TINTAS Y EL POLVO T\u00cdPICO DE UNA FABRICA DE INDUMENTARIA. INCLUSO LUEGO, HA SIDO TRANSPORTADA POR VARIAS EMPRESAS DE CORREOS A TRAV\u00c9S DE VARIOS DESTINOS, PA\u00cdSES Y CONTINENTES. AUNQUE LA PRENDA ESTE [&hellip;]<\/p>\n","protected":false},"author":1,"featured_media":7210,"parent":0,"menu_order":0,"comment_status":"closed","ping_status":"closed","template":"template-fullwidth.php","meta":{"footnotes":"","_wp_rev_ctl_limit":""},"class_list":["post-7207","page","type-page","status-publish","has-post-thumbnail","hentry"],"yoast_head":"<!-- This site is optimized with the Yoast SEO plugin v27.5 - https:\/\/yoast.com\/product\/yoast-seo-wordpress\/ -->\n<title>Informaci\u00f3n adicional sobre nuestros productos &#8902; Natural Shop<\/title>\n<meta name=\"description\" content=\"P\u00e1gina sobre la informaci\u00f3n adicional sobre los productos de la Tienda de NaturalFrank.com!\" \/>\n<meta name=\"robots\" content=\"noindex, follow\" \/>\n<meta property=\"og:locale\" content=\"es_ES\" \/>\n<meta property=\"og:type\" content=\"article\" \/>\n<meta property=\"og:title\" content=\"Informaci\u00f3n adicional sobre nuestros productos &#8902; Natural Shop\" \/>\n<meta property=\"og:description\" content=\"P\u00e1gina sobre la informaci\u00f3n adicional sobre los productos de la Tienda de NaturalFrank.com!\" \/>\n<meta property=\"og:url\" content=\"https:\/\/naturalfrank.com\/ayudar\/informacion-adicional-sobre-las-camisetas-y-nuestros-productos\/\" \/>\n<meta property=\"og:site_name\" content=\"Natural Shop\" \/>\n<meta property=\"article:modified_time\" content=\"2023-05-12T10:46:13+00:00\" \/>\n<meta property=\"og:image\" content=\"https:\/\/naturalfrank.com\/ayudar\/wp-content\/uploads\/Informacion_sobre_las_prendas.jpg\" \/>\n\t<meta property=\"og:image:width\" content=\"849\" \/>\n\t<meta property=\"og:image:height\" content=\"565\" \/>\n\t<meta property=\"og:image:type\" content=\"image\/jpeg\" \/>\n<meta name=\"twitter:card\" content=\"summary_large_image\" \/>\n<script type=\"application\/ld+json\" class=\"yoast-schema-graph\">{\"@context\":\"https:\\\/\\\/schema.org\",\"@graph\":[{\"@type\":\"WebPage\",\"@id\":\"https:\\\/\\\/naturalfrank.com\\\/ayudar\\\/informacion-adicional-sobre-las-camisetas-y-nuestros-productos\\\/\",\"url\":\"https:\\\/\\\/naturalfrank.com\\\/ayudar\\\/informacion-adicional-sobre-las-camisetas-y-nuestros-productos\\\/\",\"name\":\"Informaci\u00f3n adicional sobre nuestros productos &#8902; Natural Shop\",\"isPartOf\":{\"@id\":\"https:\\\/\\\/naturalfrank.com\\\/ayudar\\\/#website\"},\"primaryImageOfPage\":{\"@id\":\"https:\\\/\\\/naturalfrank.com\\\/ayudar\\\/informacion-adicional-sobre-las-camisetas-y-nuestros-productos\\\/#primaryimage\"},\"image\":{\"@id\":\"https:\\\/\\\/naturalfrank.com\\\/ayudar\\\/informacion-adicional-sobre-las-camisetas-y-nuestros-productos\\\/#primaryimage\"},\"thumbnailUrl\":\"https:\\\/\\\/naturalfrank.com\\\/ayudar\\\/wp-content\\\/uploads\\\/Informacion_sobre_las_prendas.jpg\",\"datePublished\":\"2021-02-08T22:00:43+00:00\",\"dateModified\":\"2023-05-12T10:46:13+00:00\",\"description\":\"P\u00e1gina sobre la informaci\u00f3n adicional sobre los productos de la Tienda de NaturalFrank.com!\",\"inLanguage\":\"es\",\"potentialAction\":[{\"@type\":\"ReadAction\",\"target\":[\"https:\\\/\\\/naturalfrank.com\\\/ayudar\\\/informacion-adicional-sobre-las-camisetas-y-nuestros-productos\\\/\"]}]},{\"@type\":\"ImageObject\",\"inLanguage\":\"es\",\"@id\":\"https:\\\/\\\/naturalfrank.com\\\/ayudar\\\/informacion-adicional-sobre-las-camisetas-y-nuestros-productos\\\/#primaryimage\",\"url\":\"https:\\\/\\\/naturalfrank.com\\\/ayudar\\\/wp-content\\\/uploads\\\/Informacion_sobre_las_prendas.jpg\",\"contentUrl\":\"https:\\\/\\\/naturalfrank.com\\\/ayudar\\\/wp-content\\\/uploads\\\/Informacion_sobre_las_prendas.jpg\",\"width\":849,\"height\":565,\"caption\":\"Informaci\u00f3n sobre las prendas\"},{\"@type\":\"WebSite\",\"@id\":\"https:\\\/\\\/naturalfrank.com\\\/ayudar\\\/#website\",\"url\":\"https:\\\/\\\/naturalfrank.com\\\/ayudar\\\/\",\"name\":\"Natural Shop\",\"description\":\"La Tienda de NaturalFrank!\",\"publisher\":{\"@id\":\"https:\\\/\\\/naturalfrank.com\\\/ayudar\\\/#organization\"},\"potentialAction\":[{\"@type\":\"SearchAction\",\"target\":{\"@type\":\"EntryPoint\",\"urlTemplate\":\"https:\\\/\\\/naturalfrank.com\\\/ayudar\\\/?s={search_term_string}\"},\"query-input\":{\"@type\":\"PropertyValueSpecification\",\"valueRequired\":true,\"valueName\":\"search_term_string\"}}],\"inLanguage\":\"es\"},{\"@type\":\"Organization\",\"@id\":\"https:\\\/\\\/naturalfrank.com\\\/ayudar\\\/#organization\",\"name\":\"Natural Shop\",\"alternateName\":\"NaturalShop\",\"url\":\"https:\\\/\\\/naturalfrank.com\\\/ayudar\\\/\",\"logo\":{\"@type\":\"ImageObject\",\"inLanguage\":\"es\",\"@id\":\"https:\\\/\\\/naturalfrank.com\\\/ayudar\\\/#\\\/schema\\\/logo\\\/image\\\/\",\"url\":\"https:\\\/\\\/naturalfrank.com\\\/ayudar\\\/wp-content\\\/uploads\\\/logoshop@2x.png\",\"contentUrl\":\"https:\\\/\\\/naturalfrank.com\\\/ayudar\\\/wp-content\\\/uploads\\\/logoshop@2x.png\",\"width\":400,\"height\":136,\"caption\":\"Natural Shop\"},\"image\":{\"@id\":\"https:\\\/\\\/naturalfrank.com\\\/ayudar\\\/#\\\/schema\\\/logo\\\/image\\\/\"}}]}<\/script>\n<!-- \/ Yoast SEO plugin. -->","yoast_head_json":{"title":"Informaci\u00f3n adicional sobre nuestros productos &#8902; Natural Shop","description":"P\u00e1gina sobre la informaci\u00f3n adicional sobre los productos de la Tienda de NaturalFrank.com!","robots":{"index":"noindex","follow":"follow"},"og_locale":"es_ES","og_type":"article","og_title":"Informaci\u00f3n adicional sobre nuestros productos &#8902; Natural Shop","og_description":"P\u00e1gina sobre la informaci\u00f3n adicional sobre los productos de la Tienda de NaturalFrank.com!","og_url":"https:\/\/naturalfrank.com\/ayudar\/informacion-adicional-sobre-las-camisetas-y-nuestros-productos\/","og_site_name":"Natural Shop","article_modified_time":"2023-05-12T10:46:13+00:00","og_image":[{"width":849,"height":565,"url":"https:\/\/naturalfrank.com\/ayudar\/wp-content\/uploads\/Informacion_sobre_las_prendas.jpg","type":"image\/jpeg"}],"twitter_card":"summary_large_image","schema":{"@context":"https:\/\/schema.org","@graph":[{"@type":"WebPage","@id":"https:\/\/naturalfrank.com\/ayudar\/informacion-adicional-sobre-las-camisetas-y-nuestros-productos\/","url":"https:\/\/naturalfrank.com\/ayudar\/informacion-adicional-sobre-las-camisetas-y-nuestros-productos\/","name":"Informaci\u00f3n adicional sobre nuestros productos &#8902; Natural Shop","isPartOf":{"@id":"https:\/\/naturalfrank.com\/ayudar\/#website"},"primaryImageOfPage":{"@id":"https:\/\/naturalfrank.com\/ayudar\/informacion-adicional-sobre-las-camisetas-y-nuestros-productos\/#primaryimage"},"image":{"@id":"https:\/\/naturalfrank.com\/ayudar\/informacion-adicional-sobre-las-camisetas-y-nuestros-productos\/#primaryimage"},"thumbnailUrl":"https:\/\/naturalfrank.com\/ayudar\/wp-content\/uploads\/Informacion_sobre_las_prendas.jpg","datePublished":"2021-02-08T22:00:43+00:00","dateModified":"2023-05-12T10:46:13+00:00","description":"P\u00e1gina sobre la informaci\u00f3n adicional sobre los productos de la Tienda de NaturalFrank.com!","inLanguage":"es","potentialAction":[{"@type":"ReadAction","target":["https:\/\/naturalfrank.com\/ayudar\/informacion-adicional-sobre-las-camisetas-y-nuestros-productos\/"]}]},{"@type":"ImageObject","inLanguage":"es","@id":"https:\/\/naturalfrank.com\/ayudar\/informacion-adicional-sobre-las-camisetas-y-nuestros-productos\/#primaryimage","url":"https:\/\/naturalfrank.com\/ayudar\/wp-content\/uploads\/Informacion_sobre_las_prendas.jpg","contentUrl":"https:\/\/naturalfrank.com\/ayudar\/wp-content\/uploads\/Informacion_sobre_las_prendas.jpg","width":849,"height":565,"caption":"Informaci\u00f3n sobre las prendas"},{"@type":"WebSite","@id":"https:\/\/naturalfrank.com\/ayudar\/#website","url":"https:\/\/naturalfrank.com\/ayudar\/","name":"Natural Shop","description":"La Tienda de NaturalFrank!","publisher":{"@id":"https:\/\/naturalfrank.com\/ayudar\/#organization"},"potentialAction":[{"@type":"SearchAction","target":{"@type":"EntryPoint","urlTemplate":"https:\/\/naturalfrank.com\/ayudar\/?s={search_term_string}"},"query-input":{"@type":"PropertyValueSpecification","valueRequired":true,"valueName":"search_term_string"}}],"inLanguage":"es"},{"@type":"Organization","@id":"https:\/\/naturalfrank.com\/ayudar\/#organization","name":"Natural Shop","alternateName":"NaturalShop","url":"https:\/\/naturalfrank.com\/ayudar\/","logo":{"@type":"ImageObject","inLanguage":"es","@id":"https:\/\/naturalfrank.com\/ayudar\/#\/schema\/logo\/image\/","url":"https:\/\/naturalfrank.com\/ayudar\/wp-content\/uploads\/logoshop@2x.png","contentUrl":"https:\/\/naturalfrank.com\/ayudar\/wp-content\/uploads\/logoshop@2x.png","width":400,"height":136,"caption":"Natural Shop"},"image":{"@id":"https:\/\/naturalfrank.com\/ayudar\/#\/schema\/logo\/image\/"}}]}},"_links":{"self":[{"href":"https:\/\/naturalfrank.com\/ayudar\/wp-json\/wp\/v2\/pages\/7207","targetHints":{"allow":["GET"]}}],"collection":[{"href":"https:\/\/naturalfrank.com\/ayudar\/wp-json\/wp\/v2\/pages"}],"about":[{"href":"https:\/\/naturalfrank.com\/ayudar\/wp-json\/wp\/v2\/types\/page"}],"author":[{"embeddable":true,"href":"https:\/\/naturalfrank.com\/ayudar\/wp-json\/wp\/v2\/users\/1"}],"replies":[{"embeddable":true,"href":"https:\/\/naturalfrank.com\/ayudar\/wp-json\/wp\/v2\/comments?post=7207"}],"version-history":[{"count":1,"href":"https:\/\/naturalfrank.com\/ayudar\/wp-json\/wp\/v2\/pages\/7207\/revisions"}],"predecessor-version":[{"id":12435,"href":"https:\/\/naturalfrank.com\/ayudar\/wp-json\/wp\/v2\/pages\/7207\/revisions\/12435"}],"wp:featuredmedia":[{"embeddable":true,"href":"https:\/\/naturalfrank.com\/ayudar\/wp-json\/wp\/v2\/media\/7210"}],"wp:attachment":[{"href":"https:\/\/naturalfrank.com\/ayudar\/wp-json\/wp\/v2\/media?parent=7207"}],"curies":[{"name":"wp","href":"https:\/\/api.w.org\/{rel}","templated":true}]}}