{"id":7337,"date":"2021-02-08T22:00:43","date_gmt":"2021-02-08T22:00:43","guid":{"rendered":"https:\/\/naturalfrank.com\/ayudar\/?page_id=7337"},"modified":"2022-06-16T17:49:19","modified_gmt":"2022-06-16T17:49:19","slug":"seguimiento-de-su-pedido","status":"publish","type":"page","link":"https:\/\/naturalfrank.com\/ayudar\/seguimiento-de-su-pedido\/","title":{"rendered":"Seguimiento de tu Pedido"},"content":{"rendered":"<p style=\"text-align: justify;\">Aqu\u00ed podr\u00e1s hacer el seguimiento del pedido. Recuerda esta p\u00e1gina para una consulta futura.<br \/>\nIngresa el n\u00famero de orden (ID de pedido, comienza por NF) que has obtenido al efectuar el pago y el correo electr\u00f3nico utilizado para hacer el mismo. Luego presiona sobre <b>SEGUIR<\/b>.<br \/>\nSi no los recuerdas, por favor revisa tu casilla de correo (la casilla de CORREO NO DESEADO tambi\u00e9n).<br \/>\nTodos los despachos tienen c\u00f3digo de seguimiento (tracking code), salvo excepciones o bajo requerimiento. Si necesitas saber el estado del env\u00edo pasados los 30 d\u00edas de efectuado el pago, contacta con nosotros para poder hacer el chequeo con las oficinas de correo. No escribas antes de ese per\u00edodo porque no podremos verificarlo.<\/p>\n<div class=\"woocommerce\"><\/div>\n<p style=\"text-align: justify;\">Ante cualquier duda o consulta puedes escribirnos a <a target=\"_blank\" href=\"mailto:tienda@naturalfrank.com\" rel=\"noopener\">tienda@naturalfrank.com<\/a> indicando la mayor cantidad de datos posibles para poder rastrear tu caso lo mas r\u00e1pido posible.<\/p>\n<hr \/>\n<p style=\"text-align: justify;color: #d33333;\"><b>NOTA:<\/b> SI TU PEDIDO A\u00daN FIGURA COMO \u00abEN ESPERA\u00bb O \u00abPROCESANDO\u00bb NO TE ALARMES, SI EL PAGO FUE CONFIRMADO, NO SE HA ACTUALIZADO EL ESTADO DESDE EL PANEL DE CONTROL. SI DESEAS MAS INFORMACI\u00d3N ESCR\u00cdBENOS O CONSULTA LA <a style=\"color: #3348dd;\" href=\"https:\/\/naturalfrank.com\/ayudar\/atencion-al-cliente\/\" target=\"_blank\" rel=\"noopener noreferrer\"><strong>AYUDA AL USUARIO.<\/strong><\/a><\/p>\n<hr \/>\n<p style=\"text-align: center;\"><span style=\"color: #d33333;\">ANTE LA DUDA Y PARA MAS INFORMACI\u00d3N REVISA LOS <br \/><strong><a style=\"color: #3348dd;\" href=\"https:\/\/naturalfrank.com\/ayudar\/terminos-y-condiciones\/\" target=\"_blank\" rel=\"noopener noreferrer\">\u2013 T\u00c9RMINOS Y CONDICIONES GENERALES \u2013<\/a><\/strong><\/span><\/p>\n<hr \/>\n<p style=\"text-align: center;\"><span style=\"color: #d33333;\"><strong>PARA MAS DETALLES SOBRE EL CUIDADO DE LOS PRODUCTOS<br \/>POR FAVOR CONSULTA LA P\u00c1GINA DE<br \/><strong><a style=\"color: #3348dd;\" href=\"https:\/\/naturalfrank.com\/ayudar\/informacion-adicional-sobre-las-camisetas-y-nuestros-productos\/\" target=\"_blank\" rel=\"noopener noreferrer\">\u2013 INFORMACI\u00d3N ADICIONAL SOBRE NUESTROS PRODUCTOS \u2013<\/a><\/strong><\/span><\/p>\n<hr \/>\n<p style=\"text-align: center;\"><a href=\"https:\/\/naturalfrank.com\/ayudar\/sale\/\" class=\"button\" title=\"REGRESAR\">BUSCAR OTROS PRODUCTOS<\/a><\/p>\n","protected":false},"excerpt":{"rendered":"<p>Aqu\u00ed podr\u00e1s hacer el seguimiento del pedido. Recuerda esta p\u00e1gina para una consulta futura. Ingresa el n\u00famero de orden (ID de pedido, comienza por NF) que has obtenido al efectuar el pago y el correo electr\u00f3nico utilizado para hacer el mismo. Luego presiona sobre SEGUIR. Si no los recuerdas, por favor revisa tu casilla de [&hellip;]<\/p>\n","protected":false},"author":1,"featured_media":0,"parent":0,"menu_order":0,"comment_status":"closed","ping_status":"closed","template":"template-fullwidth.php","meta":{"footnotes":"","_wp_rev_ctl_limit":""},"class_list":["post-7337","page","type-page","status-publish","hentry"],"yoast_head":"<!-- This site is optimized with the Yoast SEO plugin v27.5 - https:\/\/yoast.com\/product\/yoast-seo-wordpress\/ -->\n<title>Seguimiento de tu Pedido &#8902; Natural Shop<\/title>\n<meta name=\"description\" content=\"P\u00e1gina para realizar el seguimiento de los pedidos en la Tienda de NaturalFrank.com!\" \/>\n<meta name=\"robots\" content=\"index, follow, max-snippet:-1, max-image-preview:large, max-video-preview:-1\" \/>\n<link rel=\"canonical\" href=\"https:\/\/naturalfrank.com\/ayudar\/seguimiento-de-su-pedido\/\" \/>\n<meta property=\"og:locale\" content=\"es_ES\" \/>\n<meta property=\"og:type\" content=\"article\" \/>\n<meta property=\"og:title\" content=\"Seguimiento de tu Pedido &#8902; Natural Shop\" \/>\n<meta property=\"og:description\" content=\"P\u00e1gina para realizar el seguimiento de los pedidos en la Tienda de NaturalFrank.com!\" \/>\n<meta property=\"og:url\" content=\"https:\/\/naturalfrank.com\/ayudar\/seguimiento-de-su-pedido\/\" \/>\n<meta property=\"og:site_name\" content=\"Natural Shop\" \/>\n<meta property=\"article:modified_time\" content=\"2022-06-16T17:49:19+00:00\" \/>\n<meta name=\"twitter:card\" content=\"summary_large_image\" \/>\n<script type=\"application\/ld+json\" class=\"yoast-schema-graph\">{\"@context\":\"https:\\\/\\\/schema.org\",\"@graph\":[{\"@type\":\"WebPage\",\"@id\":\"https:\\\/\\\/naturalfrank.com\\\/ayudar\\\/seguimiento-de-su-pedido\\\/\",\"url\":\"https:\\\/\\\/naturalfrank.com\\\/ayudar\\\/seguimiento-de-su-pedido\\\/\",\"name\":\"Seguimiento de tu Pedido &#8902; Natural Shop\",\"isPartOf\":{\"@id\":\"https:\\\/\\\/naturalfrank.com\\\/ayudar\\\/#website\"},\"datePublished\":\"2021-02-08T22:00:43+00:00\",\"dateModified\":\"2022-06-16T17:49:19+00:00\",\"description\":\"P\u00e1gina para realizar el seguimiento de los pedidos en la Tienda de NaturalFrank.com!\",\"inLanguage\":\"es\",\"potentialAction\":[{\"@type\":\"ReadAction\",\"target\":[\"https:\\\/\\\/naturalfrank.com\\\/ayudar\\\/seguimiento-de-su-pedido\\\/\"]}]},{\"@type\":\"WebSite\",\"@id\":\"https:\\\/\\\/naturalfrank.com\\\/ayudar\\\/#website\",\"url\":\"https:\\\/\\\/naturalfrank.com\\\/ayudar\\\/\",\"name\":\"Natural Shop\",\"description\":\"La Tienda de NaturalFrank!\",\"publisher\":{\"@id\":\"https:\\\/\\\/naturalfrank.com\\\/ayudar\\\/#organization\"},\"potentialAction\":[{\"@type\":\"SearchAction\",\"target\":{\"@type\":\"EntryPoint\",\"urlTemplate\":\"https:\\\/\\\/naturalfrank.com\\\/ayudar\\\/?s={search_term_string}\"},\"query-input\":{\"@type\":\"PropertyValueSpecification\",\"valueRequired\":true,\"valueName\":\"search_term_string\"}}],\"inLanguage\":\"es\"},{\"@type\":\"Organization\",\"@id\":\"https:\\\/\\\/naturalfrank.com\\\/ayudar\\\/#organization\",\"name\":\"Natural Shop\",\"alternateName\":\"NaturalShop\",\"url\":\"https:\\\/\\\/naturalfrank.com\\\/ayudar\\\/\",\"logo\":{\"@type\":\"ImageObject\",\"inLanguage\":\"es\",\"@id\":\"https:\\\/\\\/naturalfrank.com\\\/ayudar\\\/#\\\/schema\\\/logo\\\/image\\\/\",\"url\":\"https:\\\/\\\/naturalfrank.com\\\/ayudar\\\/wp-content\\\/uploads\\\/logoshop@2x.png\",\"contentUrl\":\"https:\\\/\\\/naturalfrank.com\\\/ayudar\\\/wp-content\\\/uploads\\\/logoshop@2x.png\",\"width\":400,\"height\":136,\"caption\":\"Natural Shop\"},\"image\":{\"@id\":\"https:\\\/\\\/naturalfrank.com\\\/ayudar\\\/#\\\/schema\\\/logo\\\/image\\\/\"}}]}<\/script>\n<!-- \/ Yoast SEO plugin. -->","yoast_head_json":{"title":"Seguimiento de tu Pedido &#8902; Natural Shop","description":"P\u00e1gina para realizar el seguimiento de los pedidos en la Tienda de NaturalFrank.com!","robots":{"index":"index","follow":"follow","max-snippet":"max-snippet:-1","max-image-preview":"max-image-preview:large","max-video-preview":"max-video-preview:-1"},"canonical":"https:\/\/naturalfrank.com\/ayudar\/seguimiento-de-su-pedido\/","og_locale":"es_ES","og_type":"article","og_title":"Seguimiento de tu Pedido &#8902; Natural Shop","og_description":"P\u00e1gina para realizar el seguimiento de los pedidos en la Tienda de NaturalFrank.com!","og_url":"https:\/\/naturalfrank.com\/ayudar\/seguimiento-de-su-pedido\/","og_site_name":"Natural Shop","article_modified_time":"2022-06-16T17:49:19+00:00","twitter_card":"summary_large_image","schema":{"@context":"https:\/\/schema.org","@graph":[{"@type":"WebPage","@id":"https:\/\/naturalfrank.com\/ayudar\/seguimiento-de-su-pedido\/","url":"https:\/\/naturalfrank.com\/ayudar\/seguimiento-de-su-pedido\/","name":"Seguimiento de tu Pedido &#8902; Natural Shop","isPartOf":{"@id":"https:\/\/naturalfrank.com\/ayudar\/#website"},"datePublished":"2021-02-08T22:00:43+00:00","dateModified":"2022-06-16T17:49:19+00:00","description":"P\u00e1gina para realizar el seguimiento de los pedidos en la Tienda de NaturalFrank.com!","inLanguage":"es","potentialAction":[{"@type":"ReadAction","target":["https:\/\/naturalfrank.com\/ayudar\/seguimiento-de-su-pedido\/"]}]},{"@type":"WebSite","@id":"https:\/\/naturalfrank.com\/ayudar\/#website","url":"https:\/\/naturalfrank.com\/ayudar\/","name":"Natural Shop","description":"La Tienda de NaturalFrank!","publisher":{"@id":"https:\/\/naturalfrank.com\/ayudar\/#organization"},"potentialAction":[{"@type":"SearchAction","target":{"@type":"EntryPoint","urlTemplate":"https:\/\/naturalfrank.com\/ayudar\/?s={search_term_string}"},"query-input":{"@type":"PropertyValueSpecification","valueRequired":true,"valueName":"search_term_string"}}],"inLanguage":"es"},{"@type":"Organization","@id":"https:\/\/naturalfrank.com\/ayudar\/#organization","name":"Natural Shop","alternateName":"NaturalShop","url":"https:\/\/naturalfrank.com\/ayudar\/","logo":{"@type":"ImageObject","inLanguage":"es","@id":"https:\/\/naturalfrank.com\/ayudar\/#\/schema\/logo\/image\/","url":"https:\/\/naturalfrank.com\/ayudar\/wp-content\/uploads\/logoshop@2x.png","contentUrl":"https:\/\/naturalfrank.com\/ayudar\/wp-content\/uploads\/logoshop@2x.png","width":400,"height":136,"caption":"Natural Shop"},"image":{"@id":"https:\/\/naturalfrank.com\/ayudar\/#\/schema\/logo\/image\/"}}]}},"_links":{"self":[{"href":"https:\/\/naturalfrank.com\/ayudar\/wp-json\/wp\/v2\/pages\/7337","targetHints":{"allow":["GET"]}}],"collection":[{"href":"https:\/\/naturalfrank.com\/ayudar\/wp-json\/wp\/v2\/pages"}],"about":[{"href":"https:\/\/naturalfrank.com\/ayudar\/wp-json\/wp\/v2\/types\/page"}],"author":[{"embeddable":true,"href":"https:\/\/naturalfrank.com\/ayudar\/wp-json\/wp\/v2\/users\/1"}],"replies":[{"embeddable":true,"href":"https:\/\/naturalfrank.com\/ayudar\/wp-json\/wp\/v2\/comments?post=7337"}],"version-history":[{"count":0,"href":"https:\/\/naturalfrank.com\/ayudar\/wp-json\/wp\/v2\/pages\/7337\/revisions"}],"wp:attachment":[{"href":"https:\/\/naturalfrank.com\/ayudar\/wp-json\/wp\/v2\/media?parent=7337"}],"curies":[{"name":"wp","href":"https:\/\/api.w.org\/{rel}","templated":true}]}}